{"id":1252,"date":"2017-11-07T14:10:30","date_gmt":"2017-11-07T12:10:30","guid":{"rendered":"https:\/\/rojalab.lv\/rezidence\/"},"modified":"2024-04-25T10:21:44","modified_gmt":"2024-04-25T07:21:44","slug":"rezidence","status":"publish","type":"page","link":"https:\/\/rojalab.lv\/lv\/rezidence\/","title":{"rendered":"REZIDENCE"},"content":{"rendered":"<div id='av_section_1'  class='avia-section av-9dnvr-c1b2931fd68060421976ca71749b840c main_color avia-section-default avia-no-shadow  avia-builder-el-0  el_before_av_section  avia-builder-el-first  avia-bg-style-scroll container_wrap sidebar_right'  ><div class='container av-section-cont-open' ><main  role=\"main\" itemprop=\"mainContentOfPage\"  class='template-page content  av-content-small alpha units'><div class='post-entry post-entry-type-page post-entry-1252'><div class='entry-content-wrapper clearfix'>\n\n<style type=\"text\/css\" data-created_by=\"avia_inline_auto\" id=\"style-css-av-8iog7-40d10a08d902e786566970f6c84a9638\">\n.flex_column.av-8iog7-40d10a08d902e786566970f6c84a9638{\nborder-radius:0px 0px 0px 0px;\npadding:0px 0px 0px 0px;\n}\n<\/style>\n<div  class='flex_column av-8iog7-40d10a08d902e786566970f6c84a9638 av_one_fourth  avia-builder-el-1  el_before_av_one_half  avia-builder-el-first  first flex_column_div av-zero-column-padding  '     ><\/div>\n<style type=\"text\/css\" data-created_by=\"avia_inline_auto\" id=\"style-css-av-86l3z-25fbd16152babf666d304ab5a3253149\">\n.flex_column.av-86l3z-25fbd16152babf666d304ab5a3253149{\nborder-radius:0px 0px 0px 0px;\npadding:0px 0px 0px 0px;\n}\n<\/style>\n<div  class='flex_column av-86l3z-25fbd16152babf666d304ab5a3253149 av_one_half  avia-builder-el-2  el_after_av_one_fourth  avia-builder-el-last  flex_column_div av-zero-column-padding  '     ><p>\n<style type=\"text\/css\" data-created_by=\"avia_inline_auto\" id=\"style-css-av-7hd0b-4840510cc7111ca1d50d4d7323017f3c\">\n#top .av-special-heading.av-7hd0b-4840510cc7111ca1d50d4d7323017f3c{\npadding-bottom:20px;\n}\nbody .av-special-heading.av-7hd0b-4840510cc7111ca1d50d4d7323017f3c .av-special-heading-tag .heading-char{\nfont-size:25px;\n}\n.av-special-heading.av-7hd0b-4840510cc7111ca1d50d4d7323017f3c .av-subheading{\nfont-size:15px;\n}\n<\/style>\n<div  class='av-special-heading av-7hd0b-4840510cc7111ca1d50d4d7323017f3c av-special-heading-h3  avia-builder-el-3  el_before_av_textblock  avia-builder-el-first '><h3 class='av-special-heading-tag '  itemprop=\"headline\"  >STRUKT\u016aRA<\/h3><div class=\"special-heading-border\"><div class=\"special-heading-inner-border\"><\/div><\/div><\/div><br \/>\n<section  class='av_textblock_section av-73hxn-e2b7a8476c94e8ce7e390c402bdbaf88 '   itemscope=\"itemscope\" itemtype=\"https:\/\/schema.org\/CreativeWork\" ><div class='avia_textblock'  itemprop=\"text\" ><p>M\u0101kslinieki tiek uzskat\u012bti par rezidentiem uz 15 &#8211; 16 dienu darbn\u012bcas laiku. Katr\u0101 sesij\u0101 ROJA ART LAB parasti piedal\u0101s 8 l\u012bdz 10 m\u0101kslinieki. Lai veicin\u0101tu kritiskas debates un dialogu, vis\u0101 m\u0101kslas laboratorijas darb\u012bbas laik\u0101 tiks aicin\u0101ti apmekl\u0113t\u0101ji, tostarp tiks r\u012bkotas gan prezent\u0101cijas, gan dal\u012bbnieku lekcijas. Pirms darbu fiziskas izgatavo\u0161anas notiks projekta prezent\u0101cijas un koncepcijas apsprie\u0161anas san\u0101ksmes ar organizatoriem, kur\u0101s tiks kontekstu\u0101li analiz\u0113ta un apstiprin\u0101ta katra m\u0101kslinieka specifika, \u0146emot v\u0113r\u0101 vietas\/vietu lo\u0123istiku.<\/p>\n<p>ROJA ART LAB ir ties\u012bbas reproduc\u0113t jebkuru\/visus darba un procesa att\u0113lus, tostarp izst\u0101d\u012b\u0161anai paredz\u0113tos darbus, k\u0101 ar\u012b tos att\u0113lus, kurus m\u0101kslinieks iesniedzis priek\u0161atlasei. Tas attiecas ar\u012b uz jebk\u0101diem darbu att\u0113liem, kas iek\u013cauti izst\u0101d\u0113 vai izmantoti izst\u0101des katalog\u0101 (ja t\u0101ds ir), standarta publicit\u0101tes, rekl\u0101mas vai arh\u012bva vajadz\u012bb\u0101m jebk\u0101d\u0101 veid\u0101 saist\u012bb\u0101 ar ROJA ART LAB, izst\u0101di vai t\u0101s sponsoriem.<\/p>\n<p>Pretendentiem j\u0101b\u016bt ieinteres\u0113tiem starpdisciplin\u0101r\u0101 dialog\u0101 un atv\u0113rtiem sadarb\u012bbai.<\/p>\n<\/div><\/section><\/p><\/div>\n\n<\/div><\/div><\/main><!-- close content main element --><\/div><\/div><div id='av_section_2'  class='avia-section av-6fumf-626589ea4192bd1d2719468890d9e57e main_color avia-section-default avia-no-shadow  avia-builder-el-5  el_after_av_section  el_before_av_section  avia-bg-style-scroll container_wrap sidebar_right'  ><div class='container av-section-cont-open' ><div class='template-page content  av-content-small alpha units'><div class='post-entry post-entry-type-page post-entry-1252'><div class='entry-content-wrapper clearfix'>\n\n<style type=\"text\/css\" data-created_by=\"avia_inline_auto\" id=\"style-css-av-5pl93-60f99436e2e80546ca8b2ce673cf21e1\">\n.flex_column.av-5pl93-60f99436e2e80546ca8b2ce673cf21e1{\nborder-radius:0px 0px 0px 0px;\npadding:0px 0px 0px 0px;\n}\n<\/style>\n<div  class='flex_column av-5pl93-60f99436e2e80546ca8b2ce673cf21e1 av_one_fourth  avia-builder-el-6  el_before_av_one_half  avia-builder-el-first  first flex_column_div av-zero-column-padding  '     ><\/div>\n<style type=\"text\/css\" data-created_by=\"avia_inline_auto\" id=\"style-css-av-5adn7-c910dfe158c3d607a72b7a2c28c6dd16\">\n.flex_column.av-5adn7-c910dfe158c3d607a72b7a2c28c6dd16{\nborder-radius:0px 0px 0px 0px;\npadding:0px 0px 0px 0px;\n}\n<\/style>\n<div  class='flex_column av-5adn7-c910dfe158c3d607a72b7a2c28c6dd16 av_one_half  avia-builder-el-7  el_after_av_one_fourth  avia-builder-el-last  flex_column_div av-zero-column-padding  '     ><p>\n<style type=\"text\/css\" data-created_by=\"avia_inline_auto\" id=\"style-css-av-4ib87-3afce615161cebe37dacc8af1f947de5\">\n#top .av-special-heading.av-4ib87-3afce615161cebe37dacc8af1f947de5{\npadding-bottom:20px;\n}\nbody .av-special-heading.av-4ib87-3afce615161cebe37dacc8af1f947de5 .av-special-heading-tag .heading-char{\nfont-size:25px;\n}\n.av-special-heading.av-4ib87-3afce615161cebe37dacc8af1f947de5 .av-subheading{\nfont-size:15px;\n}\n<\/style>\n<div  class='av-special-heading av-4ib87-3afce615161cebe37dacc8af1f947de5 av-special-heading-h3  avia-builder-el-8  el_before_av_textblock  avia-builder-el-first '><h3 class='av-special-heading-tag '  itemprop=\"headline\"  >FINANS\u0112\u0160ANA<\/h3><div class=\"special-heading-border\"><div class=\"special-heading-inner-border\"><\/div><\/div><\/div><br \/>\n<section  class='av_textblock_section av-3qhon-f536b5f893f3c1f78a8434189cb42306 '   itemscope=\"itemscope\" itemtype=\"https:\/\/schema.org\/CreativeWork\" ><div class='avia_textblock'  itemprop=\"text\" ><p>ROJA ART LAB ir sa\u0146\u0113musi finans\u0113jumu no Valsts Kult\u016brkapit\u0101la fonda, k\u0101 ar\u012b to atbalsta priv\u0101tpersonas un organiz\u0101cijas. Rezidence nodro\u0161ina m\u0101jokli, \u0113din\u0101\u0161anu, kop\u012bgu darba telpu un materi\u0101lus, k\u0101 ar\u012b tehnisko atbalstu un pamata apr\u012bkojumu.<\/p>\n<p>M\u0113s cen\u0161amies visiem atlas\u012btajiem m\u0101ksliniekiem nodro\u0161in\u0101t piln\u012bb\u0101 apmaks\u0101tu uztur\u0113\u0161anos, iz\u0146emot ce\u013cojumu uz Roju un atpaka\u013c. M\u0101kslinieki, \u012bpa\u0161i \u0101rpus Latvijas, tiek aicin\u0101ti mekl\u0113t finansi\u0101lu pal\u012bdz\u012bbu nacion\u0101laj\u0101s vai re\u0123ion\u0101laj\u0101s finans\u0113\u0161anas organiz\u0101cij\u0101s, labdar\u012bbas fondos u. c. Kad m\u0101kslinieks b\u016bs izv\u0113l\u0113ts dal\u012bbai izst\u0101d\u0113, m\u0113s sniegsim visus nepiecie\u0161amos ieteikumus, dokumentus un citu iesp\u0113jamo pal\u012bdz\u012bbu.<\/p>\n<\/div><\/section><\/p><\/div><\/div><\/div><\/div><!-- close content main div --><\/div><\/div><div id='av_section_3'  class='avia-section av-3f97j-25b8df070895e03480db9789623bc844 main_color avia-section-default avia-no-shadow  avia-builder-el-10  el_after_av_section  avia-builder-el-last  avia-bg-style-scroll container_wrap sidebar_right'  ><div class='container av-section-cont-open' ><div class='template-page content  av-content-small alpha units'><div class='post-entry post-entry-type-page post-entry-1252'><div class='entry-content-wrapper clearfix'>\n\n<style type=\"text\/css\" data-created_by=\"avia_inline_auto\" id=\"style-css-av-2uf4r-4382ce05381a0f41587a7309201a273d\">\n.flex_column.av-2uf4r-4382ce05381a0f41587a7309201a273d{\nborder-radius:0px 0px 0px 0px;\npadding:0px 0px 0px 0px;\n}\n<\/style>\n<div  class='flex_column av-2uf4r-4382ce05381a0f41587a7309201a273d av_one_fourth  avia-builder-el-11  el_before_av_one_half  avia-builder-el-first  first flex_column_div av-zero-column-padding  '     ><\/div>\n<style type=\"text\/css\" data-created_by=\"avia_inline_auto\" id=\"style-css-av-2d783-1badd5cf7fbf38e51b129a0b64000a28\">\n.flex_column.av-2d783-1badd5cf7fbf38e51b129a0b64000a28{\nborder-radius:0px 0px 0px 0px;\npadding:0px 0px 0px 0px;\n}\n<\/style>\n<div  class='flex_column av-2d783-1badd5cf7fbf38e51b129a0b64000a28 av_one_half  avia-builder-el-12  el_after_av_one_fourth  avia-builder-el-last  flex_column_div av-zero-column-padding  '     ><p>\n<style type=\"text\/css\" data-created_by=\"avia_inline_auto\" id=\"style-css-av-1fs4z-9be13853dffe53474985b7349df1e886\">\n#top .av-special-heading.av-1fs4z-9be13853dffe53474985b7349df1e886{\npadding-bottom:20px;\n}\nbody .av-special-heading.av-1fs4z-9be13853dffe53474985b7349df1e886 .av-special-heading-tag .heading-char{\nfont-size:25px;\n}\n.av-special-heading.av-1fs4z-9be13853dffe53474985b7349df1e886 .av-subheading{\nfont-size:15px;\n}\n<\/style>\n<div  class='av-special-heading av-1fs4z-9be13853dffe53474985b7349df1e886 av-special-heading-h3  avia-builder-el-13  el_before_av_textblock  avia-builder-el-first '><h3 class='av-special-heading-tag '  itemprop=\"headline\"  >IEK\u0100RTAS<\/h3><div class=\"special-heading-border\"><div class=\"special-heading-inner-border\"><\/div><\/div><\/div><br \/>\n<section  class='av_textblock_section av-13yir-135d50ac83f42da81ab04dbf78307749 '   itemscope=\"itemscope\" itemtype=\"https:\/\/schema.org\/CreativeWork\" ><div class='avia_textblock'  itemprop=\"text\" ><p>ROJA ART LAB ir improviz\u0113tas \u0101ra darbn\u012bcas darbam, san\u0101ksm\u0113m, semin\u0101riem un prezent\u0101cij\u0101m. Mums ir pamatapr\u012bkojums darbam ar koku, met\u0101lu, keramiku utt. Mums ir platjoslas internets, ska\u0146as sist\u0113ma un videoprojektors. Specifisk\u0101ki darba izgatavo\u0161anai nepiecie\u0161amie instrumenti vai apr\u012bkojums ir rezidenta pien\u0101kums.<\/p>\n<p>ROJA ART LAB ir br\u012bvdabas malkas (augstas uguns) keramikas kr\u0101sns, k\u0101 ar\u012b raku kr\u0101sns un picas kr\u0101sns.<\/p>\n<p>\u012apa\u0161iem projektiem (izr\u0101d\u0113m\/izst\u0101d\u0113m\/projekcij\u0101m\/\u0161oviem) ir iesp\u0113ja nom\u0101t papildu telpas vai instrumentus pils\u0113t\u0101.<\/p>\n<\/div><\/section><\/p><\/div>\n<\/div><\/div><\/div><!-- close content main div --><\/div><\/div><div id='after_section_3'  class='main_color av_default_container_wrap container_wrap sidebar_right'  ><div class='container av-section-cont-open' ><div class='template-page content  av-content-small alpha units'><div class='post-entry post-entry-type-page post-entry-1252'><div class='entry-content-wrapper clearfix'><\/p>\n","protected":false},"excerpt":{"rendered":"","protected":false},"author":1,"featured_media":0,"parent":0,"menu_order":0,"comment_status":"closed","ping_status":"closed","template":"","meta":{"footnotes":""},"class_list":["post-1252","page","type-page","status-publish","hentry"],"yoast_head":"<!-- This site is optimized with the Yoast SEO plugin v26.7 - https:\/\/yoast.com\/wordpress\/plugins\/seo\/ -->\n<title>REZIDENCE - ROJA ART LAB<\/title>\n<meta name=\"robots\" content=\"index, follow, max-snippet:-1, max-image-preview:large, max-video-preview:-1\" \/>\n<link rel=\"canonical\" href=\"https:\/\/rojalab.lv\/lv\/rezidence\/\" \/>\n<meta property=\"og:locale\" content=\"lv_LV\" \/>\n<meta property=\"og:type\" content=\"article\" \/>\n<meta property=\"og:title\" content=\"REZIDENCE - ROJA ART LAB\" \/>\n<meta property=\"og:url\" content=\"https:\/\/rojalab.lv\/lv\/rezidence\/\" \/>\n<meta property=\"og:site_name\" content=\"ROJA ART LAB\" \/>\n<meta property=\"article:publisher\" content=\"https:\/\/www.facebook.com\/RojaArtLab\/\" \/>\n<meta property=\"article:modified_time\" content=\"2024-04-25T07:21:44+00:00\" \/>\n<meta name=\"twitter:card\" content=\"summary_large_image\" \/>\n<meta name=\"twitter:label1\" content=\"Est. reading time\" \/>\n\t<meta name=\"twitter:data1\" content=\"7 minutes\" \/>\n<script type=\"application\/ld+json\" class=\"yoast-schema-graph\">{\"@context\":\"https:\/\/schema.org\",\"@graph\":[{\"@type\":\"WebPage\",\"@id\":\"https:\/\/rojalab.lv\/lv\/rezidence\/\",\"url\":\"https:\/\/rojalab.lv\/lv\/rezidence\/\",\"name\":\"REZIDENCE - ROJA ART LAB\",\"isPartOf\":{\"@id\":\"https:\/\/rojalab.lv\/lv\/#website\"},\"datePublished\":\"2017-11-07T12:10:30+00:00\",\"dateModified\":\"2024-04-25T07:21:44+00:00\",\"breadcrumb\":{\"@id\":\"https:\/\/rojalab.lv\/lv\/rezidence\/#breadcrumb\"},\"inLanguage\":\"lv-LV\",\"potentialAction\":[{\"@type\":\"ReadAction\",\"target\":[\"https:\/\/rojalab.lv\/lv\/rezidence\/\"]}]},{\"@type\":\"BreadcrumbList\",\"@id\":\"https:\/\/rojalab.lv\/lv\/rezidence\/#breadcrumb\",\"itemListElement\":[{\"@type\":\"ListItem\",\"position\":1,\"name\":\"Home\",\"item\":\"https:\/\/rojalab.lv\/lv\/\"},{\"@type\":\"ListItem\",\"position\":2,\"name\":\"REZIDENCE\"}]},{\"@type\":\"WebSite\",\"@id\":\"https:\/\/rojalab.lv\/lv\/#website\",\"url\":\"https:\/\/rojalab.lv\/lv\/\",\"name\":\"ROJA ART LAB\",\"description\":\"Laboratory for contemporary art located in Roja, Latvia\",\"publisher\":{\"@id\":\"https:\/\/rojalab.lv\/lv\/#organization\"},\"potentialAction\":[{\"@type\":\"SearchAction\",\"target\":{\"@type\":\"EntryPoint\",\"urlTemplate\":\"https:\/\/rojalab.lv\/lv\/?s={search_term_string}\"},\"query-input\":{\"@type\":\"PropertyValueSpecification\",\"valueRequired\":true,\"valueName\":\"search_term_string\"}}],\"inLanguage\":\"lv-LV\"},{\"@type\":\"Organization\",\"@id\":\"https:\/\/rojalab.lv\/lv\/#organization\",\"name\":\"ROJA ART LAB\",\"url\":\"https:\/\/rojalab.lv\/lv\/\",\"logo\":{\"@type\":\"ImageObject\",\"inLanguage\":\"lv-LV\",\"@id\":\"https:\/\/rojalab.lv\/lv\/#\/schema\/logo\/image\/\",\"url\":\"https:\/\/rojalab.lv\/wp-content\/uploads\/2017\/11\/roja-art-lab-logo.png\",\"contentUrl\":\"https:\/\/rojalab.lv\/wp-content\/uploads\/2017\/11\/roja-art-lab-logo.png\",\"width\":400,\"height\":152,\"caption\":\"ROJA ART LAB\"},\"image\":{\"@id\":\"https:\/\/rojalab.lv\/lv\/#\/schema\/logo\/image\/\"},\"sameAs\":[\"https:\/\/www.facebook.com\/RojaArtLab\/\",\"https:\/\/www.instagram.com\/rojaartlab\/\"]}]}<\/script>\n<!-- \/ Yoast SEO plugin. -->","yoast_head_json":{"title":"REZIDENCE - ROJA ART LAB","robots":{"index":"index","follow":"follow","max-snippet":"max-snippet:-1","max-image-preview":"max-image-preview:large","max-video-preview":"max-video-preview:-1"},"canonical":"https:\/\/rojalab.lv\/lv\/rezidence\/","og_locale":"lv_LV","og_type":"article","og_title":"REZIDENCE - ROJA ART LAB","og_url":"https:\/\/rojalab.lv\/lv\/rezidence\/","og_site_name":"ROJA ART LAB","article_publisher":"https:\/\/www.facebook.com\/RojaArtLab\/","article_modified_time":"2024-04-25T07:21:44+00:00","twitter_card":"summary_large_image","twitter_misc":{"Est. reading time":"7 minutes"},"schema":{"@context":"https:\/\/schema.org","@graph":[{"@type":"WebPage","@id":"https:\/\/rojalab.lv\/lv\/rezidence\/","url":"https:\/\/rojalab.lv\/lv\/rezidence\/","name":"REZIDENCE - ROJA ART LAB","isPartOf":{"@id":"https:\/\/rojalab.lv\/lv\/#website"},"datePublished":"2017-11-07T12:10:30+00:00","dateModified":"2024-04-25T07:21:44+00:00","breadcrumb":{"@id":"https:\/\/rojalab.lv\/lv\/rezidence\/#breadcrumb"},"inLanguage":"lv-LV","potentialAction":[{"@type":"ReadAction","target":["https:\/\/rojalab.lv\/lv\/rezidence\/"]}]},{"@type":"BreadcrumbList","@id":"https:\/\/rojalab.lv\/lv\/rezidence\/#breadcrumb","itemListElement":[{"@type":"ListItem","position":1,"name":"Home","item":"https:\/\/rojalab.lv\/lv\/"},{"@type":"ListItem","position":2,"name":"REZIDENCE"}]},{"@type":"WebSite","@id":"https:\/\/rojalab.lv\/lv\/#website","url":"https:\/\/rojalab.lv\/lv\/","name":"ROJA ART LAB","description":"Laboratory for contemporary art located in Roja, Latvia","publisher":{"@id":"https:\/\/rojalab.lv\/lv\/#organization"},"potentialAction":[{"@type":"SearchAction","target":{"@type":"EntryPoint","urlTemplate":"https:\/\/rojalab.lv\/lv\/?s={search_term_string}"},"query-input":{"@type":"PropertyValueSpecification","valueRequired":true,"valueName":"search_term_string"}}],"inLanguage":"lv-LV"},{"@type":"Organization","@id":"https:\/\/rojalab.lv\/lv\/#organization","name":"ROJA ART LAB","url":"https:\/\/rojalab.lv\/lv\/","logo":{"@type":"ImageObject","inLanguage":"lv-LV","@id":"https:\/\/rojalab.lv\/lv\/#\/schema\/logo\/image\/","url":"https:\/\/rojalab.lv\/wp-content\/uploads\/2017\/11\/roja-art-lab-logo.png","contentUrl":"https:\/\/rojalab.lv\/wp-content\/uploads\/2017\/11\/roja-art-lab-logo.png","width":400,"height":152,"caption":"ROJA ART LAB"},"image":{"@id":"https:\/\/rojalab.lv\/lv\/#\/schema\/logo\/image\/"},"sameAs":["https:\/\/www.facebook.com\/RojaArtLab\/","https:\/\/www.instagram.com\/rojaartlab\/"]}]}},"_links":{"self":[{"href":"https:\/\/rojalab.lv\/lv\/wp-json\/wp\/v2\/pages\/1252","targetHints":{"allow":["GET"]}}],"collection":[{"href":"https:\/\/rojalab.lv\/lv\/wp-json\/wp\/v2\/pages"}],"about":[{"href":"https:\/\/rojalab.lv\/lv\/wp-json\/wp\/v2\/types\/page"}],"author":[{"embeddable":true,"href":"https:\/\/rojalab.lv\/lv\/wp-json\/wp\/v2\/users\/1"}],"replies":[{"embeddable":true,"href":"https:\/\/rojalab.lv\/lv\/wp-json\/wp\/v2\/comments?post=1252"}],"version-history":[{"count":5,"href":"https:\/\/rojalab.lv\/lv\/wp-json\/wp\/v2\/pages\/1252\/revisions"}],"predecessor-version":[{"id":1496,"href":"https:\/\/rojalab.lv\/lv\/wp-json\/wp\/v2\/pages\/1252\/revisions\/1496"}],"wp:attachment":[{"href":"https:\/\/rojalab.lv\/lv\/wp-json\/wp\/v2\/media?parent=1252"}],"curies":[{"name":"wp","href":"https:\/\/api.w.org\/{rel}","templated":true}]}}