{"id":1258,"date":"2017-11-07T14:11:18","date_gmt":"2017-11-07T12:11:18","guid":{"rendered":"https:\/\/rojalab.lv\/kontakti\/"},"modified":"2024-04-22T11:43:09","modified_gmt":"2024-04-22T08:43:09","slug":"kontakti","status":"publish","type":"page","link":"https:\/\/rojalab.lv\/lv\/kontakti\/","title":{"rendered":"KONTAKTI"},"content":{"rendered":"<div id='av_section_1'  class='avia-section av-7cp9j-0c79d580861cddd8bdf34b25886ae83f main_color avia-section-default avia-no-shadow  avia-builder-el-0  el_before_av_textblock  avia-builder-el-first  avia-bg-style-scroll container_wrap sidebar_right'  ><div class='container av-section-cont-open' ><main  role=\"main\" itemprop=\"mainContentOfPage\"  class='template-page content  av-content-small alpha units'><div class='post-entry post-entry-type-page post-entry-1258'><div class='entry-content-wrapper clearfix'>\n\n<style type=\"text\/css\" data-created_by=\"avia_inline_auto\" id=\"style-css-av-6ze6b-c6171631b697107527ce4388da2772e3\">\n.flex_column.av-6ze6b-c6171631b697107527ce4388da2772e3{\nborder-radius:0px 0px 0px 0px;\npadding:0px 0px 0px 0px;\n}\n<\/style>\n<div  class='flex_column av-6ze6b-c6171631b697107527ce4388da2772e3 av_one_fourth  avia-builder-el-1  el_before_av_one_fourth  avia-builder-el-first  first flex_column_div av-zero-column-padding  '     ><\/div>\n<style type=\"text\/css\" data-created_by=\"avia_inline_auto\" id=\"style-css-av-lw4z-7643fa87e4d978d146d280635632130b\">\n.flex_column.av-lw4z-7643fa87e4d978d146d280635632130b{\nborder-radius:0px 0px 0px 0px;\npadding:0px 0px 0px 0px;\n}\n<\/style>\n<div  class='flex_column av-lw4z-7643fa87e4d978d146d280635632130b av_one_fourth  avia-builder-el-2  el_after_av_one_fourth  el_before_av_two_fifth  flex_column_div av-zero-column-padding  '     ><p>\n<style type=\"text\/css\" data-created_by=\"avia_inline_auto\" id=\"style-css-av-5nf8v-bbe70b85ade3991d60d75b475dd1f58e\">\n#top .av-special-heading.av-5nf8v-bbe70b85ade3991d60d75b475dd1f58e{\npadding-bottom:20px;\n}\nbody .av-special-heading.av-5nf8v-bbe70b85ade3991d60d75b475dd1f58e .av-special-heading-tag .heading-char{\nfont-size:25px;\n}\n.av-special-heading.av-5nf8v-bbe70b85ade3991d60d75b475dd1f58e .av-subheading{\nfont-size:15px;\n}\n<\/style>\n<div  class='av-special-heading av-5nf8v-bbe70b85ade3991d60d75b475dd1f58e av-special-heading-h3  avia-builder-el-3  el_before_av_textblock  avia-builder-el-first '><h3 class='av-special-heading-tag '  itemprop=\"headline\"  >KONTAKTI<\/h3><div class=\"special-heading-border\"><div class=\"special-heading-inner-border\"><\/div><\/div><\/div><br \/>\n<section  class='av_textblock_section av-4wpqz-f738e580ad983ce54491af8a557fc9a1 '   itemscope=\"itemscope\" itemtype=\"https:\/\/schema.org\/CreativeWork\" ><div class='avia_textblock'  itemprop=\"text\" ><p><strong>NVO m\u0101kslas grupa ROKU<\/strong><br \/>\nRoja, K\u0101pu 4 &#8211; 4,<br \/>\nLV &#8211; 3264<br \/>\nLatvija<\/p>\n<p>E-pasts: <a href=\"mailto:rojaartlab@gmail.com\">rojaartlab@gmail.com<\/a><br \/>\nMobilais t\u0101lrunis: +371 26115334<\/p>\n<\/div><\/section><\/p><\/div>\n<style type=\"text\/css\" data-created_by=\"avia_inline_auto\" id=\"style-css-av-4i0nr-59d978ec11b9ac3297a348349445c77c\">\n.flex_column.av-4i0nr-59d978ec11b9ac3297a348349445c77c{\nborder-radius:0px 0px 0px 0px;\npadding:0px 0px 0px 0px;\n}\n<\/style>\n<div  class='flex_column av-4i0nr-59d978ec11b9ac3297a348349445c77c av_two_fifth  avia-builder-el-5  el_after_av_one_fourth  avia-builder-el-last  flex_column_div av-zero-column-padding  '     ><form action=\"https:\/\/rojalab.lv\/lv\/kontakti\/\" method=\"post\" data-fields-with-error=\"Found errors in the following field(s):\" class=\"avia_ajax_form av-form-labels-visible   avia-builder-el-6  avia-builder-el-no-sibling   \" data-avia-form-id=\"1\" data-avia-redirect='' ><h3 class=''>Abon\u0113t ne tik bie\u017eo jaunumu bi\u013cetenu<\/h3><fieldset><p class='  first_form  form_element form_element_half' id='element_avia_1_1'><label for=\"avia_1_1\">V\u0101rds <abbr class=\"required\" title=\"required\">*<\/abbr><\/label> <input name=\"avia_1_1\" class=\"text_input is_empty\" type=\"text\" id=\"avia_1_1\" value=\"\" \/><\/p><p class='  form_element form_element_half' id='element_avia_2_1'><label for=\"avia_2_1\">Uzv\u0101rds <abbr class=\"required\" title=\"required\">*<\/abbr><\/label> <input name=\"avia_2_1\" class=\"text_input is_empty\" type=\"text\" id=\"avia_2_1\" value=\"\" \/><\/p><p class='  first_form  form_element form_element_half av-last-visible-form-element' id='element_avia_3_1'><label for=\"avia_3_1\">E-pasts <abbr class=\"required\" title=\"required\">*<\/abbr><\/label> <input name=\"avia_3_1\" class=\"text_input is_email\" type=\"text\" id=\"avia_3_1\" value=\"\" \/><\/p><p class=\"hidden\"><input type=\"text\" name=\"avia_4_1\" class=\"hidden \" id=\"avia_4_1\" value=\"\" \/><\/p><p class=\"form_element form_element_half modified_width\"><input type=\"hidden\" value=\"1\" name=\"avia_generated_form1\" \/><input type=\"submit\" value=\"Abon\u0113t\" class=\"button\"  data-sending-label=\"Sending\"\/><\/p><\/fieldset><\/form><div id=\"ajaxresponse_1\" class=\"ajaxresponse ajaxresponse_1 hidden\"><\/div><\/div>\n<\/div><\/div><\/main><!-- close content main element --><\/div><\/div><div id='after_section_1'  class='main_color av_default_container_wrap container_wrap sidebar_right'  ><div class='container av-section-cont-open' ><div class='template-page content  av-content-small alpha units'><div class='post-entry post-entry-type-page post-entry-1258'><div class='entry-content-wrapper clearfix'>\n<section  class='av_textblock_section av-lvapiz2m-2af166898374e6a1a0317dab38faa8bb '   itemscope=\"itemscope\" itemtype=\"https:\/\/schema.org\/CreativeWork\" ><div class='avia_textblock'  itemprop=\"text\" ><p><iframe loading=\"lazy\" style=\"border: 0;\" src=\"https:\/\/www.google.com\/maps\/embed?pb=!1m18!1m12!1m3!1d2194859.3064744626!2d20.160876366379107!3d57.50528725555859!2m3!1f0!2f0!3f0!3m2!1i1024!2i768!4f13.1!3m3!1m2!1s0x46ee139c67c4b2cd%3A0x68e5b3847887fb12!2sK%C4%81pu%20iela%204%2C%20Roja%2C%20Rojas%20pagasts%2C%20Talsu%20novads%2C%20LV-3264!5e0!3m2!1slv!2slv!4v1713775195633!5m2!1slv!2slv\" width=\"1300\" height=\"500\" allowfullscreen=\"allowfullscreen\"><\/iframe><\/p>\n<\/div><\/section>\n","protected":false},"excerpt":{"rendered":"","protected":false},"author":1,"featured_media":0,"parent":0,"menu_order":0,"comment_status":"closed","ping_status":"closed","template":"","meta":{"footnotes":""},"class_list":["post-1258","page","type-page","status-publish","hentry"],"yoast_head":"<!-- This site is optimized with the Yoast SEO plugin v26.7 - https:\/\/yoast.com\/wordpress\/plugins\/seo\/ -->\n<title>KONTAKTI - ROJA ART LAB<\/title>\n<meta name=\"robots\" content=\"index, follow, max-snippet:-1, max-image-preview:large, max-video-preview:-1\" \/>\n<link rel=\"canonical\" href=\"https:\/\/rojalab.lv\/lv\/kontakti\/\" \/>\n<meta property=\"og:locale\" content=\"lv_LV\" \/>\n<meta property=\"og:type\" content=\"article\" \/>\n<meta property=\"og:title\" content=\"KONTAKTI - ROJA ART LAB\" \/>\n<meta property=\"og:url\" content=\"https:\/\/rojalab.lv\/lv\/kontakti\/\" \/>\n<meta property=\"og:site_name\" content=\"ROJA ART LAB\" \/>\n<meta property=\"article:publisher\" content=\"https:\/\/www.facebook.com\/RojaArtLab\/\" \/>\n<meta property=\"article:modified_time\" content=\"2024-04-22T08:43:09+00:00\" \/>\n<meta name=\"twitter:card\" content=\"summary_large_image\" \/>\n<meta name=\"twitter:label1\" content=\"Est. reading time\" \/>\n\t<meta name=\"twitter:data1\" content=\"3 minutes\" \/>\n<script type=\"application\/ld+json\" class=\"yoast-schema-graph\">{\"@context\":\"https:\/\/schema.org\",\"@graph\":[{\"@type\":\"WebPage\",\"@id\":\"https:\/\/rojalab.lv\/lv\/kontakti\/\",\"url\":\"https:\/\/rojalab.lv\/lv\/kontakti\/\",\"name\":\"KONTAKTI - ROJA ART LAB\",\"isPartOf\":{\"@id\":\"https:\/\/rojalab.lv\/lv\/#website\"},\"datePublished\":\"2017-11-07T12:11:18+00:00\",\"dateModified\":\"2024-04-22T08:43:09+00:00\",\"breadcrumb\":{\"@id\":\"https:\/\/rojalab.lv\/lv\/kontakti\/#breadcrumb\"},\"inLanguage\":\"lv-LV\",\"potentialAction\":[{\"@type\":\"ReadAction\",\"target\":[\"https:\/\/rojalab.lv\/lv\/kontakti\/\"]}]},{\"@type\":\"BreadcrumbList\",\"@id\":\"https:\/\/rojalab.lv\/lv\/kontakti\/#breadcrumb\",\"itemListElement\":[{\"@type\":\"ListItem\",\"position\":1,\"name\":\"Home\",\"item\":\"https:\/\/rojalab.lv\/lv\/\"},{\"@type\":\"ListItem\",\"position\":2,\"name\":\"KONTAKTI\"}]},{\"@type\":\"WebSite\",\"@id\":\"https:\/\/rojalab.lv\/lv\/#website\",\"url\":\"https:\/\/rojalab.lv\/lv\/\",\"name\":\"ROJA ART LAB\",\"description\":\"Laboratory for contemporary art located in Roja, Latvia\",\"publisher\":{\"@id\":\"https:\/\/rojalab.lv\/lv\/#organization\"},\"potentialAction\":[{\"@type\":\"SearchAction\",\"target\":{\"@type\":\"EntryPoint\",\"urlTemplate\":\"https:\/\/rojalab.lv\/lv\/?s={search_term_string}\"},\"query-input\":{\"@type\":\"PropertyValueSpecification\",\"valueRequired\":true,\"valueName\":\"search_term_string\"}}],\"inLanguage\":\"lv-LV\"},{\"@type\":\"Organization\",\"@id\":\"https:\/\/rojalab.lv\/lv\/#organization\",\"name\":\"ROJA ART LAB\",\"url\":\"https:\/\/rojalab.lv\/lv\/\",\"logo\":{\"@type\":\"ImageObject\",\"inLanguage\":\"lv-LV\",\"@id\":\"https:\/\/rojalab.lv\/lv\/#\/schema\/logo\/image\/\",\"url\":\"https:\/\/rojalab.lv\/wp-content\/uploads\/2017\/11\/roja-art-lab-logo.png\",\"contentUrl\":\"https:\/\/rojalab.lv\/wp-content\/uploads\/2017\/11\/roja-art-lab-logo.png\",\"width\":400,\"height\":152,\"caption\":\"ROJA ART LAB\"},\"image\":{\"@id\":\"https:\/\/rojalab.lv\/lv\/#\/schema\/logo\/image\/\"},\"sameAs\":[\"https:\/\/www.facebook.com\/RojaArtLab\/\",\"https:\/\/www.instagram.com\/rojaartlab\/\"]}]}<\/script>\n<!-- \/ Yoast SEO plugin. -->","yoast_head_json":{"title":"KONTAKTI - ROJA ART LAB","robots":{"index":"index","follow":"follow","max-snippet":"max-snippet:-1","max-image-preview":"max-image-preview:large","max-video-preview":"max-video-preview:-1"},"canonical":"https:\/\/rojalab.lv\/lv\/kontakti\/","og_locale":"lv_LV","og_type":"article","og_title":"KONTAKTI - ROJA ART LAB","og_url":"https:\/\/rojalab.lv\/lv\/kontakti\/","og_site_name":"ROJA ART LAB","article_publisher":"https:\/\/www.facebook.com\/RojaArtLab\/","article_modified_time":"2024-04-22T08:43:09+00:00","twitter_card":"summary_large_image","twitter_misc":{"Est. reading time":"3 minutes"},"schema":{"@context":"https:\/\/schema.org","@graph":[{"@type":"WebPage","@id":"https:\/\/rojalab.lv\/lv\/kontakti\/","url":"https:\/\/rojalab.lv\/lv\/kontakti\/","name":"KONTAKTI - ROJA ART LAB","isPartOf":{"@id":"https:\/\/rojalab.lv\/lv\/#website"},"datePublished":"2017-11-07T12:11:18+00:00","dateModified":"2024-04-22T08:43:09+00:00","breadcrumb":{"@id":"https:\/\/rojalab.lv\/lv\/kontakti\/#breadcrumb"},"inLanguage":"lv-LV","potentialAction":[{"@type":"ReadAction","target":["https:\/\/rojalab.lv\/lv\/kontakti\/"]}]},{"@type":"BreadcrumbList","@id":"https:\/\/rojalab.lv\/lv\/kontakti\/#breadcrumb","itemListElement":[{"@type":"ListItem","position":1,"name":"Home","item":"https:\/\/rojalab.lv\/lv\/"},{"@type":"ListItem","position":2,"name":"KONTAKTI"}]},{"@type":"WebSite","@id":"https:\/\/rojalab.lv\/lv\/#website","url":"https:\/\/rojalab.lv\/lv\/","name":"ROJA ART LAB","description":"Laboratory for contemporary art located in Roja, Latvia","publisher":{"@id":"https:\/\/rojalab.lv\/lv\/#organization"},"potentialAction":[{"@type":"SearchAction","target":{"@type":"EntryPoint","urlTemplate":"https:\/\/rojalab.lv\/lv\/?s={search_term_string}"},"query-input":{"@type":"PropertyValueSpecification","valueRequired":true,"valueName":"search_term_string"}}],"inLanguage":"lv-LV"},{"@type":"Organization","@id":"https:\/\/rojalab.lv\/lv\/#organization","name":"ROJA ART LAB","url":"https:\/\/rojalab.lv\/lv\/","logo":{"@type":"ImageObject","inLanguage":"lv-LV","@id":"https:\/\/rojalab.lv\/lv\/#\/schema\/logo\/image\/","url":"https:\/\/rojalab.lv\/wp-content\/uploads\/2017\/11\/roja-art-lab-logo.png","contentUrl":"https:\/\/rojalab.lv\/wp-content\/uploads\/2017\/11\/roja-art-lab-logo.png","width":400,"height":152,"caption":"ROJA ART LAB"},"image":{"@id":"https:\/\/rojalab.lv\/lv\/#\/schema\/logo\/image\/"},"sameAs":["https:\/\/www.facebook.com\/RojaArtLab\/","https:\/\/www.instagram.com\/rojaartlab\/"]}]}},"_links":{"self":[{"href":"https:\/\/rojalab.lv\/lv\/wp-json\/wp\/v2\/pages\/1258","targetHints":{"allow":["GET"]}}],"collection":[{"href":"https:\/\/rojalab.lv\/lv\/wp-json\/wp\/v2\/pages"}],"about":[{"href":"https:\/\/rojalab.lv\/lv\/wp-json\/wp\/v2\/types\/page"}],"author":[{"embeddable":true,"href":"https:\/\/rojalab.lv\/lv\/wp-json\/wp\/v2\/users\/1"}],"replies":[{"embeddable":true,"href":"https:\/\/rojalab.lv\/lv\/wp-json\/wp\/v2\/comments?post=1258"}],"version-history":[{"count":4,"href":"https:\/\/rojalab.lv\/lv\/wp-json\/wp\/v2\/pages\/1258\/revisions"}],"predecessor-version":[{"id":1486,"href":"https:\/\/rojalab.lv\/lv\/wp-json\/wp\/v2\/pages\/1258\/revisions\/1486"}],"wp:attachment":[{"href":"https:\/\/rojalab.lv\/lv\/wp-json\/wp\/v2\/media?parent=1258"}],"curies":[{"name":"wp","href":"https:\/\/api.w.org\/{rel}","templated":true}]}}